{"id":935,"date":"2022-06-27T15:04:34","date_gmt":"2022-06-27T15:04:34","guid":{"rendered":"http:\/\/www.gipps.org\/revistaredes\/?page_id=935"},"modified":"2022-06-27T15:44:58","modified_gmt":"2022-06-27T15:44:58","slug":"volumen-4-numero-1-2022","status":"publish","type":"page","link":"https:\/\/www.gipps.org\/revistaredes\/volumen-4-numero-1-2022\/","title":{"rendered":"Volumen 4 | N\u00famero 1 | 2022"},"content":{"rendered":"\n<p><strong>DOI<\/strong>:  https:\/\/doi.org\/10.22402\/j.rdcrfp.unam.4.1.2022<\/p>\n\n\n\n<p><strong>Presentaci\u00f3n del n\u00famero<\/strong> <\/p>\n\n\n\n<p><a href=\"http:\/\/www.gipps.org\/revistaredes\/presentacion-numero\/salud-emocional-y-familia-presentacion-del-numero\/\">SALUD EMOCIONAL Y FAMILIA&nbsp;<\/a><\/p>\n\n\n\n<p>Mtra. Laura Edith P\u00e9rez Laborde, Consejo editorial&nbsp;<\/p>\n\n\n\n<p><strong>Investigaci\u00f3n<\/strong><\/p>\n\n\n\n<p><a href=\"http:\/\/www.gipps.org\/revistaredes\/investigacion\/estres-laboral-y-estrategias-de-afrontamiento-en-medicos-residentes-en-hospitales-covid-19-en-cdmx\/\">ESTR\u00c9S LABORAL Y ESTRATEGIAS DE AFRONTAMIENTO EN M\u00c9DICOS RESIDENTES EN HOSPITALES COVID-19 EN CDMX&nbsp;<\/a><\/p>\n\n\n\n<p>Lic. Miguel \u00c1ngel G\u00f3mez Reyes| Universidad Nacional Aut\u00f3noma de M\u00e9xico&nbsp;<\/p>\n\n\n\n<p><a href=\"http:\/\/www.gipps.org\/revistaredes\/investigacion\/cual-es-la-relacion-entre-los-estilos-parentales-y-los-tipos-de-apego-en-ninos\/\">\u00bfCU\u00c1L ES LA RELACI\u00d3N ENTRE LOS ESTILOS PARENTALES Y LOS TIPOS DE APEGO EN NI\u00d1OS?&nbsp;<\/a><\/p>\n\n\n\n<p>Mar\u00eda Gabriela Garr\u00f3|&nbsp;Universidad de Flores (UFLO), Argentina&nbsp;<\/p>\n\n\n\n<p><a href=\"http:\/\/www.gipps.org\/revistaredes\/investigacion\/es-posible-el-estres-en-la-infancia\/\">\u00bfES POSIBLE EL ESTR\u00c9S EN LA INFANCIA?&nbsp;<\/a><\/p>\n\n\n\n<p>Esp. Julieta Marmo|Universidad de Flores (UFLO), Argentina&nbsp;<\/p>\n\n\n\n<p><strong>An\u00e1lisis<\/strong><\/p>\n\n\n\n<p><a href=\"http:\/\/www.gipps.org\/revistaredes\/analisis\/puede-el-mutismo-selectivo-influenciar-en-el-desarrollo-del-autoestima-en-los-ninos-y-ninas\/\">\u00bfPUEDE EL MUTISMO SELECTIVO INFLUENCIAR EN EL DESARROLLO DEL AUTOESTIMA EN LOS NI\u00d1OS Y NI\u00d1AS?&nbsp;<\/a><\/p>\n\n\n\n<p>Lic. Mirta Lujan Di Pardo|Universidad de Flores (UFLO), Argentina&nbsp;<\/p>\n\n\n\n<p><a href=\"http:\/\/www.gipps.org\/revistaredes\/analisis\/pluriparentalidad-o-cuando-mas-es-mas\/\">PLURIPARENTALIDAD: CUANDO M\u00c1S, ES M\u00c1S&nbsp;<\/a><\/p>\n\n\n\n<p>Concepci\u00f3n Mar\u00eda Giagnacovo|Profesionista independiente&nbsp;<\/p>\n\n\n\n<p><a href=\"http:\/\/www.gipps.org\/revistaredes\/analisis\/el-lado-tacito-del-maltrato-infantil-una-palabra-duele-mas-que-un-golpe\/\">EL LADO T\u00c1CITO DEL MALTRATO INFANTIL \u00bfUNA PALABRA DUELE M\u00c1S QUE UN GOLPE?&nbsp;&nbsp;<\/a><\/p>\n\n\n\n<p>Lic. Mar\u00eda Victoria Berm\u00fadez y Lic. Romina Paula Prandoni |&nbsp;Universidad de Flores (UFLO), Argentina&nbsp;<\/p>\n\n\n\n<p><a href=\"http:\/\/www.gipps.org\/revistaredes\/analisis\/gratitud-estrategia-para-el-bienestar\/\">GRATITUD, ESTRATEGIA PARA EL BIENESTAR&nbsp;<\/a><\/p>\n\n\n\n<p>Dra. Soraya Irinea Ramirez Chelala Hern\u00e1ndez|Universidad Nacional Aut\u00f3noma de M\u00e9xico&nbsp;<\/p>\n\n\n\n<p><strong>Entrevista<\/strong><\/p>\n\n\n\n<p><a href=\"http:\/\/www.gipps.org\/revistaredes\/entrevista\/como-detectar-si-alguien-cercano-a-nosotros-presenta-ideacion-suicida-en-postpandemia\/\">\u00bfC\u00d3MO DETECTAR SI ALGUIEN CERCANO A NOSOTROS PRESENTA IDEACI\u00d3N SUICIDA EN POSTPANDEMIA?&nbsp;<\/a><\/p>\n\n\n\n<p>Dra. Luz de Lourdes Eguiluz Romo |&nbsp;Universidad Nacional Aut\u00f3noma de M\u00e9xico&nbsp;&nbsp;<\/p>\n\n\n\n<p>Por Maura Z\u00fa\u00f1iga Rodr\u00edguez&nbsp;<\/p>\n\n\n\n<p><strong>Recomendaciones<\/strong><\/p>\n\n\n\n<p><a href=\"http:\/\/www.gipps.org\/revistaredes\/recomendaciones\/a-que-nos-referimos-al-hablar-de-familias-disfuncionales\/\">\u00bfA QU\u00c9 NOS REFERIMOS AL HABLAR DE \u201cFAMILIAS DISFUNCIONALES\u201d?&nbsp;<\/a>&nbsp;<\/p>\n\n\n\n<p>Carla Daniela Messina y Lic. Lorena Pozo |&nbsp;Universidad de Flores (UFLO), Argentina&nbsp;<\/p>\n","protected":false},"excerpt":{"rendered":"<div class=\"mh-excerpt\"><p>DOI: https:\/\/doi.org\/10.22402\/j.rdcrfp.unam.4.1.2022 Presentaci\u00f3n del n\u00famero SALUD EMOCIONAL Y FAMILIA&nbsp; Mtra. Laura Edith P\u00e9rez Laborde, Consejo editorial&nbsp; Investigaci\u00f3n ESTR\u00c9S LABORAL Y ESTRATEGIAS DE AFRONTAMIENTO EN M\u00c9DICOS <a class=\"mh-excerpt-more\" href=\"https:\/\/www.gipps.org\/revistaredes\/volumen-4-numero-1-2022\/\" title=\"Volumen 4 | N\u00famero 1 | 2022\">[&#8230;]<\/a><\/p>\n<\/div>","protected":false},"author":1,"featured_media":0,"parent":0,"menu_order":0,"comment_status":"closed","ping_status":"closed","template":"","meta":[],"_links":{"self":[{"href":"https:\/\/www.gipps.org\/revistaredes\/wp-json\/wp\/v2\/pages\/935"}],"collection":[{"href":"https:\/\/www.gipps.org\/revistaredes\/wp-json\/wp\/v2\/pages"}],"about":[{"href":"https:\/\/www.gipps.org\/revistaredes\/wp-json\/wp\/v2\/types\/page"}],"author":[{"embeddable":true,"href":"https:\/\/www.gipps.org\/revistaredes\/wp-json\/wp\/v2\/users\/1"}],"replies":[{"embeddable":true,"href":"https:\/\/www.gipps.org\/revistaredes\/wp-json\/wp\/v2\/comments?post=935"}],"version-history":[{"count":4,"href":"https:\/\/www.gipps.org\/revistaredes\/wp-json\/wp\/v2\/pages\/935\/revisions"}],"predecessor-version":[{"id":1094,"href":"https:\/\/www.gipps.org\/revistaredes\/wp-json\/wp\/v2\/pages\/935\/revisions\/1094"}],"wp:attachment":[{"href":"https:\/\/www.gipps.org\/revistaredes\/wp-json\/wp\/v2\/media?parent=935"}],"curies":[{"name":"wp","href":"https:\/\/api.w.org\/{rel}","templated":true}]}}