{"id":44,"date":"2019-08-08T15:17:41","date_gmt":"2019-08-08T15:17:41","guid":{"rendered":"http:\/\/www.gipps.org\/revistaredes\/?page_id=44"},"modified":"2020-01-17T19:22:47","modified_gmt":"2020-01-17T19:22:47","slug":"volumen-1-numero-1-2019","status":"publish","type":"page","link":"https:\/\/www.gipps.org\/revistaredes\/volumen-1-numero-1-2019\/","title":{"rendered":"Volumen 1 | N\u00famero 1 | 2019"},"content":{"rendered":"\n<p><strong>DOI:&nbsp;<\/strong><a href=\"https:\/\/doi.org\/10.22402\/j.redes.unam.1.1.2019\">https:\/\/doi.org\/10.22402\/j.redes.unam.1.1.2019<\/a><\/p>\n\n\n\n<p><a href=\"http:\/\/www.gipps.org\/revistaredes\/presentacion-numero\/desafios-en-la-relacion-de-pareja-presentacion-del-numero\/\">DESAFIOS EN LA RELACI\u00d3N DE PAREJA. PRESENTACI\u00d3N DEL N\u00daMERO<\/a><\/p>\n\n\n\n<p>Dr. Ricardo S\u00e1nchez Medina, Editor general<\/p>\n\n\n\n<p><strong>Investigaci\u00f3n<\/strong><\/p>\n\n\n\n<p><a href=\"http:\/\/www.gipps.org\/revistaredes\/investigacion\/de-que-temas-sexuales-hablan-y-como-negocian-el-uso-del-condon-hombres-que-tienen-sexo-con-hombres\/\">\u00bfDE QU\u00c9 TEMAS SEXUALES HABLAN Y C\u00d3MO NEGOCIAN EL USO DEL COND\u00d3N HOMBRES QUE TIENEN SEXO CON HOMBRES?<\/a><\/p>\n\n\n\n<p>Mtra. Consuelo Rubi Rosales Pi\u00f1a&nbsp;|&nbsp;Facultad de Estudios Superiores Iztacala, UNAM<\/p>\n\n\n\n<p><strong>An\u00e1lisis<\/strong><\/p>\n\n\n\n<p><a href=\"http:\/\/www.gipps.org\/revistaredes\/analisis\/el-amor-en-los-tiempos-del-whatsapp-reflexiones-sobre-la-comunicacion-en-la-pareja\/\">EL AMOR EN LOS TIEMPOS DEL&nbsp;WHATAPP.: REFLEXIONES SOBRE LA COMUNICACI\u00d3N EN LA PAREJA<\/a><\/p>\n\n\n\n<p>Mtra. Laura Edith P\u00e9rez Laborde&nbsp;|&nbsp;Facultad de Estudios Superiores Iztacala, UNAM<\/p>\n\n\n\n<p><strong>Entrevista<\/strong><\/p>\n\n\n\n<p><a href=\"http:\/\/www.gipps.org\/revistaredes\/entrevista\/retos-y-dilemas-en-las-relaciones-de-pareja\/\">RETOS Y DILEMAS EN LAS RELACIONES DE PAREJA<\/a><\/p>\n\n\n\n<p>Dr. Rolando D\u00edaz-Loving &nbsp;|&nbsp;Facultad de Psicolog\u00eda,\nUNAM<\/p>\n\n\n\n<p><strong>Estudio de caso<\/strong><\/p>\n\n\n\n<p><a href=\"http:\/\/www.gipps.org\/revistaredes\/estudio-de-caso\/violencia-hacia-la-mujer-y-divorcio-estudio-de-caso\/\">VIOLENCIA HACIA LA MUJER Y DIVORCIO. ESTUDIO DE CASO<\/a><\/p>\n\n\n\n<p>Jos\u00e9 Rafael Alvarado Navarro* y Sonia Jim\u00e9nez Tovar**&nbsp;|&nbsp;*Director general en Bit\u00e1cora Social M\u00e9xico, ** Sistema para el Desarrollo Integral de la Familia, Ciudad de M\u00e9xico<\/p>\n\n\n\n<p><strong>Recomendaciones<\/strong><\/p>\n\n\n\n<p><a href=\"http:\/\/www.gipps.org\/revistaredes\/recomendaciones\/que-hacer-para-tener-una-buena-relacion-de-pareja\/\">\u00bfQU\u00c9 HACER PARA TENER UNA BUENA RELACI\u00d3N DE PAREJA?<\/a><\/p>\n\n\n\n<p>Mtra. Mar\u00eda Yolanda Aguirre G\u00f3mez&nbsp;|&nbsp;Instituto Milton H.\nErickson de CD. Nezahualcoyotl<\/p>\n","protected":false},"excerpt":{"rendered":"<div class=\"mh-excerpt\"><p>DOI:&nbsp;https:\/\/doi.org\/10.22402\/j.redes.unam.1.1.2019 DESAFIOS EN LA RELACI\u00d3N DE PAREJA. PRESENTACI\u00d3N DEL N\u00daMERO Dr. Ricardo S\u00e1nchez Medina, Editor general Investigaci\u00f3n \u00bfDE QU\u00c9 TEMAS SEXUALES HABLAN Y C\u00d3MO NEGOCIAN <a class=\"mh-excerpt-more\" href=\"https:\/\/www.gipps.org\/revistaredes\/volumen-1-numero-1-2019\/\" title=\"Volumen 1 | N\u00famero 1 | 2019\">[&#8230;]<\/a><\/p>\n<\/div>","protected":false},"author":1,"featured_media":0,"parent":0,"menu_order":0,"comment_status":"closed","ping_status":"closed","template":"","meta":[],"_links":{"self":[{"href":"https:\/\/www.gipps.org\/revistaredes\/wp-json\/wp\/v2\/pages\/44"}],"collection":[{"href":"https:\/\/www.gipps.org\/revistaredes\/wp-json\/wp\/v2\/pages"}],"about":[{"href":"https:\/\/www.gipps.org\/revistaredes\/wp-json\/wp\/v2\/types\/page"}],"author":[{"embeddable":true,"href":"https:\/\/www.gipps.org\/revistaredes\/wp-json\/wp\/v2\/users\/1"}],"replies":[{"embeddable":true,"href":"https:\/\/www.gipps.org\/revistaredes\/wp-json\/wp\/v2\/comments?post=44"}],"version-history":[{"count":11,"href":"https:\/\/www.gipps.org\/revistaredes\/wp-json\/wp\/v2\/pages\/44\/revisions"}],"predecessor-version":[{"id":1332,"href":"https:\/\/www.gipps.org\/revistaredes\/wp-json\/wp\/v2\/pages\/44\/revisions\/1332"}],"wp:attachment":[{"href":"https:\/\/www.gipps.org\/revistaredes\/wp-json\/wp\/v2\/media?parent=44"}],"curies":[{"name":"wp","href":"https:\/\/api.w.org\/{rel}","templated":true}]}}