{"id":373,"date":"2020-06-15T19:03:34","date_gmt":"2020-06-15T19:03:34","guid":{"rendered":"http:\/\/www.gipps.org\/revistaredes\/?page_id=373"},"modified":"2020-07-08T23:46:29","modified_gmt":"2020-07-08T23:46:29","slug":"volumen-2-numero-1-2020","status":"publish","type":"page","link":"https:\/\/www.gipps.org\/revistaredes\/volumen-2-numero-1-2020\/","title":{"rendered":"Volumen 2 | N\u00famero 1 | 2020"},"content":{"rendered":"\n<p><strong>DOI:<\/strong> <a href=\"https:\/\/doi.org\/10.22402\/j.redes.unam.2.1.2020\">https:\/\/doi.org\/10.22402\/j.redes.unam.2.1.2020<\/a><\/p>\n\n\n\n<p><a href=\"http:\/\/www.gipps.org\/revistaredes\/presentacion-numero\/como-influye-la-cultura-en-la-manera-en-la-que-nos-comportamospresentacion-del-numero\/\">\u00bfC\u00d3MO INFLUYE LA CULTURA EN LA MANERA EN LA QUE NOS COMPORTAMOS? PRESENTACI\u00d3N DEL N\u00daMERO<\/a><\/p>\n\n\n\n<p>Mtra. Ofelia Desanik\nMiechimsky, Editora asociada<\/p>\n\n\n\n<p><strong>Investigaci\u00f3n<\/strong><\/p>\n\n\n\n<p><a href=\"http:\/\/www.gipps.org\/revistaredes\/investigacion\/cuales-son-los-significados-de-la-sexualidad-en-jovenes-universitarios\/\">\u00bfCU\u00c1LES SON LOS SIGNIFICADOS DE LA SEXUALIDAD EN J\u00d3VENES UNIVERSITARIOS? \u00a0<\/a><\/p>\n\n\n\n<p>Lic. Maria Arantxa Elizarrar\u00e1s Rios y Dr. David Javier Enr\u00edquez Negrete &nbsp;|&nbsp;Facultad\nde Estudios Superiores Iztacala, UNAM<\/p>\n\n\n\n<p><strong>An\u00e1lisis <\/strong><\/p>\n\n\n\n<p><a href=\"http:\/\/www.gipps.org\/revistaredes\/analisis\/menstruacion-y-cultura-mexicana\/\">MENSTRUACI\u00d3N Y CULTURA MEXICANA<\/a><\/p>\n\n\n\n<p>Lic. Diana Karina Cervantes Navarro&nbsp;|&nbsp;Profesionista\nindependiente<\/p>\n\n\n\n<p><a href=\"http:\/\/www.gipps.org\/revistaredes\/analisis\/y-ahora-que-experiencias-docentes-en-tiempos-de-pandemia\/\">\u00bfY AHORA QU\u00c9?&#8230; EXPERIENCIAS DOCENTES EN TIEMPOS DE PANDEMIA<\/a><\/p>\n\n\n\n<p>Dra. Luc\u00eda P\u00e9rez S\u00e1nchez y Dra. Marcela R\u00e1bago de \u00c1vila|&nbsp;Universidad\nAut\u00f3noma de Nayarit<\/p>\n\n\n\n<p><a href=\"http:\/\/www.gipps.org\/revistaredes\/analisis\/la-construccion-de-la-identidad-en-mujeres\/\">LA CONSTRUCCI\u00d3N DE LA IDENTIDAD EN MUJERES<\/a><\/p>\n\n\n\n<p>Mtra. Liliana Patricia Reveles Quezada|\u00a0Facultad de Estudios Superiores Iztacala, UNAM<\/p>\n\n\n\n<p><a href=\"http:\/\/www.gipps.org\/revistaredes\/analisis\/como-son-las-familias-del-cine-mexicano-del-siglo-xxi\/\">\u00bfC\u00d3MO SON LAS FAMILIAS DEL CINE MEXICANO DEL SIGLO XXI?<\/a><\/p>\n\n\n\n<p>Rodrigo Murgu\u00eda Rodr\u00edguez<\/p>\n\n\n\n<p><a href=\"http:\/\/www.gipps.org\/revistaredes\/analisis\/el-silencio-tambien-es-violencia-de-genero-hablemos-de-los-hombres-violentados-por-sus-mujeres\/\">EL SILENCIO TAMBI\u00c9N ES VIOLENCIA DE G\u00c9NERO: HABLEMOS DE LOS HOMBRES VIOLENTADOS POR SUS MUJERES <\/a><\/p>\n\n\n\n<p>Dra. Patricia Trujano Ru\u00edz |&nbsp;Facultad\nde Estudios Superiores Iztacala, UNAM<\/p>\n\n\n\n<p><strong>Entrevista<\/strong><\/p>\n\n\n\n<p><a href=\"http:\/\/www.gipps.org\/revistaredes\/entrevista\/titulo-de-la-entrevista\/\">DE FAMILIAS, DIVERSIDADES E INCLUSI\u00d3N<\/a><\/p>\n\n\n\n<p>Dra. Tania Esmeralda Rocha S\u00e1nchez|&nbsp;Facultad de Psicolog\u00eda, UNAM<\/p>\n","protected":false},"excerpt":{"rendered":"<div class=\"mh-excerpt\"><p>DOI: https:\/\/doi.org\/10.22402\/j.redes.unam.2.1.2020 \u00bfC\u00d3MO INFLUYE LA CULTURA EN LA MANERA EN LA QUE NOS COMPORTAMOS? PRESENTACI\u00d3N DEL N\u00daMERO Mtra. Ofelia Desanik Miechimsky, Editora asociada Investigaci\u00f3n \u00bfCU\u00c1LES <a class=\"mh-excerpt-more\" href=\"https:\/\/www.gipps.org\/revistaredes\/volumen-2-numero-1-2020\/\" title=\"Volumen 2 | N\u00famero 1 | 2020\">[&#8230;]<\/a><\/p>\n<\/div>","protected":false},"author":1,"featured_media":0,"parent":0,"menu_order":0,"comment_status":"closed","ping_status":"closed","template":"","meta":[],"_links":{"self":[{"href":"https:\/\/www.gipps.org\/revistaredes\/wp-json\/wp\/v2\/pages\/373"}],"collection":[{"href":"https:\/\/www.gipps.org\/revistaredes\/wp-json\/wp\/v2\/pages"}],"about":[{"href":"https:\/\/www.gipps.org\/revistaredes\/wp-json\/wp\/v2\/types\/page"}],"author":[{"embeddable":true,"href":"https:\/\/www.gipps.org\/revistaredes\/wp-json\/wp\/v2\/users\/1"}],"replies":[{"embeddable":true,"href":"https:\/\/www.gipps.org\/revistaredes\/wp-json\/wp\/v2\/comments?post=373"}],"version-history":[{"count":4,"href":"https:\/\/www.gipps.org\/revistaredes\/wp-json\/wp\/v2\/pages\/373\/revisions"}],"predecessor-version":[{"id":466,"href":"https:\/\/www.gipps.org\/revistaredes\/wp-json\/wp\/v2\/pages\/373\/revisions\/466"}],"wp:attachment":[{"href":"https:\/\/www.gipps.org\/revistaredes\/wp-json\/wp\/v2\/media?parent=373"}],"curies":[{"name":"wp","href":"https:\/\/api.w.org\/{rel}","templated":true}]}}