{"id":244,"date":"2020-01-14T15:51:55","date_gmt":"2020-01-14T15:51:55","guid":{"rendered":"http:\/\/www.gipps.org\/revistaredes\/?page_id=244"},"modified":"2020-01-17T19:23:40","modified_gmt":"2020-01-17T19:23:40","slug":"volumen-1-numero-2-2019","status":"publish","type":"page","link":"https:\/\/www.gipps.org\/revistaredes\/volumen-1-numero-2-2019\/","title":{"rendered":"Volumen 1 | N\u00famero 2 | 2019"},"content":{"rendered":"\n<p><strong>DOI:&nbsp;<\/strong><a href=\"https:\/\/doi.org\/10.22402\/j.redes.unam.1.2.2019\">https:\/\/doi.org\/10.22402\/j.redes.unam.1.2.2019<\/a><\/p>\n\n\n\n<p><a href=\"http:\/\/www.gipps.org\/revistaredes\/presentacion-numero\/retos-actuales-en-la-crianza-de-los-hijos-presentacion-del-numero\/\">RETOS ACTUALES EN LA CRIANZA DE LOS HIJOS. PRESENTACI\u00d3N DEL N\u00daMERO<\/a><\/p>\n\n\n\n<p>Dr. Ricardo S\u00e1nchez Medina, Editor general<\/p>\n\n\n\n<p><strong>Investigaci\u00f3n<\/strong><\/p>\n\n\n\n<p><a href=\"http:\/\/www.gipps.org\/revistaredes\/investigacion\/experiencias-de-abandono-paterno-importancia-para-hombres-que-decidieron-no-reproducirse\/\">EXPERIENCIAS DE ABANDONO PATERNO: IMPORTANCIA PARA HOMBRES QUE DECIDIERON NO REPRODUCIRSE<\/a><\/p>\n\n\n\n<p>Dra. Diana Isela C\u00f3rdoba Basulto y Dr. Jos\u00e9 Salvador Sapi\u00e9n L\u00f3pez |&nbsp;Facultad de Estudios Superiores Iztacala, UNAM<\/p>\n\n\n\n<p><strong>An\u00e1lisis<\/strong><\/p>\n\n\n\n<p><a href=\"http:\/\/www.gipps.org\/revistaredes\/analisis\/la-triangulacion-intento-fallido-de-resolver-un-conflicto\/\">\u00bfLA TRIANGULACI\u00d3N, INTENTO FALLIDO DE RESOLVER UN CONFLICTO?<\/a><\/p>\n\n\n\n<p> Dra. Juana Bengoa Gonz\u00e1lez&nbsp;|&nbsp;Facultad de Estudios Superiores Zaragoza, UNAM<\/p>\n\n\n\n<p><a href=\"http:\/\/www.gipps.org\/revistaredes\/analisis\/a-dos-de-tres-caidas-los-papas-vs-los-berrinches\/\">A DOS DE TRES CA\u00cdDAS: LOS PAP\u00c1S VS LOS BERRINCHES<\/a><\/p>\n\n\n\n<p>Mtro. Jos\u00e9 Rafael Alvarado Navarro&nbsp;|&nbsp; Bit\u00e1cora Social M\u00e9xico  <\/p>\n\n\n\n<p><a href=\"http:\/\/www.gipps.org\/revistaredes\/analisis\/que-es-la-crianza-de-los-hijos\/\">\u00bfQU\u00c9 ES LA CRIANZA DE LOS HIJOS? <\/a><\/p>\n\n\n\n<p>Dra. Laura Evelia Torres Vel\u00e1zquez |&nbsp;Facultad de Estudios Superiores Iztacala, UNAM <\/p>\n\n\n\n<p><strong>Entrevista<\/strong><\/p>\n\n\n\n<p><a href=\"http:\/\/www.gipps.org\/revistaredes\/entrevista\/paternidad-y-familia-cambios-y-transformaciones\/\">PATERNIDAD Y FAMILIA, CAMBIOS Y TRANSFORMACIONES <\/a><\/p>\n\n\n\n<p>Dra. Alejandra Salguero Vel\u00e1zquez |&nbsp;Facultad de Estudios Superiores Iztacala, UNAM <\/p>\n\n\n\n<p><strong>Estudio de caso<\/strong><\/p>\n\n\n\n<p><a href=\"http:\/\/www.gipps.org\/revistaredes\/estudio-de-caso\/el-amor-de-padre-puede-ser-muchas-cosas\/\">EL AMOR DE PADRE PUEDE SER MUCHAS COSAS <\/a><\/p>\n\n\n\n<p>Lic. Cinthya Melisa Velasco Reyes |&nbsp;Facultad de Estudios Superiores Iztacala, UNAM<\/p>\n\n\n\n<p><strong>Recomendaciones<\/strong><\/p>\n\n\n\n<p> <a href=\"http:\/\/www.gipps.org\/revistaredes\/recomendaciones\/mi-hijo-tiene-discapacidad-la-paz-en-medio-de-la-tormenta\/\">MI HIJO TIENE DISCAPACIDAD: LA PAZ EN MEDIO DE LA TORMENTA <\/a><\/p>\n\n\n\n<p> Mtro. Erik Godinez Loera |&nbsp; Centro de Rehabilitaci\u00f3n e Inclusi\u00f3n Infantil Telet\u00f3n Neza <\/p>\n\n\n\n<p><a href=\"http:\/\/www.gipps.org\/revistaredes\/recomendaciones\/cual-es-la-receta-para-la-crianza-de-los-hijos\/\">\u00bfCU\u00c1L ES LA RECETA PARA LA CRIANZA DE LOS HIJOS?<\/a><\/p>\n\n\n\n<p>Mtra. M\u00f3nica Jasm\u00edn Montoya Garc\u00eda |&nbsp;Facultad de Estudios Superiores Iztacala, UNAM<\/p>\n\n\n\n<p><a href=\"http:\/\/www.gipps.org\/revistaredes\/recomendaciones\/como-podemos-prevenir-el-suicidio\/\">\u00bfC\u00d3MO PODEMOS PREVENIR EL SUICIDIO?<\/a><\/p>\n\n\n\n<p>Dra. Carolina Santill\u00e1n Torres Torija |&nbsp;Facultad de Estudios Superiores Iztacala, UNAM<\/p>\n","protected":false},"excerpt":{"rendered":"<div class=\"mh-excerpt\"><p>DOI:&nbsp;https:\/\/doi.org\/10.22402\/j.redes.unam.1.2.2019 RETOS ACTUALES EN LA CRIANZA DE LOS HIJOS. PRESENTACI\u00d3N DEL N\u00daMERO Dr. Ricardo S\u00e1nchez Medina, Editor general Investigaci\u00f3n EXPERIENCIAS DE ABANDONO PATERNO: IMPORTANCIA PARA <a class=\"mh-excerpt-more\" href=\"https:\/\/www.gipps.org\/revistaredes\/volumen-1-numero-2-2019\/\" title=\"Volumen 1 | N\u00famero 2 | 2019\">[&#8230;]<\/a><\/p>\n<\/div>","protected":false},"author":1,"featured_media":0,"parent":0,"menu_order":0,"comment_status":"closed","ping_status":"closed","template":"","meta":[],"_links":{"self":[{"href":"https:\/\/www.gipps.org\/revistaredes\/wp-json\/wp\/v2\/pages\/244"}],"collection":[{"href":"https:\/\/www.gipps.org\/revistaredes\/wp-json\/wp\/v2\/pages"}],"about":[{"href":"https:\/\/www.gipps.org\/revistaredes\/wp-json\/wp\/v2\/types\/page"}],"author":[{"embeddable":true,"href":"https:\/\/www.gipps.org\/revistaredes\/wp-json\/wp\/v2\/users\/1"}],"replies":[{"embeddable":true,"href":"https:\/\/www.gipps.org\/revistaredes\/wp-json\/wp\/v2\/comments?post=244"}],"version-history":[{"count":4,"href":"https:\/\/www.gipps.org\/revistaredes\/wp-json\/wp\/v2\/pages\/244\/revisions"}],"predecessor-version":[{"id":336,"href":"https:\/\/www.gipps.org\/revistaredes\/wp-json\/wp\/v2\/pages\/244\/revisions\/336"}],"wp:attachment":[{"href":"https:\/\/www.gipps.org\/revistaredes\/wp-json\/wp\/v2\/media?parent=244"}],"curies":[{"name":"wp","href":"https:\/\/api.w.org\/{rel}","templated":true}]}}