{"id":1923,"date":"2026-01-07T14:33:14","date_gmt":"2026-01-07T14:33:14","guid":{"rendered":"https:\/\/www.gipps.org\/revistaredes\/?page_id=1923"},"modified":"2026-01-07T15:11:18","modified_gmt":"2026-01-07T15:11:18","slug":"volumen-8-numero-1-2026","status":"publish","type":"page","link":"https:\/\/www.gipps.org\/revistaredes\/volumen-8-numero-1-2026\/","title":{"rendered":"Volumen 8 | N\u00famero 1 | 2026"},"content":{"rendered":"\n<p id=\"block-a3fc058a-78f2-483d-9494-eaaccd5e2361\"><strong>DOI<\/strong>: <a href=\"https:\/\/doi.org\/10.22402\/j.rdcrfp.unam.8.1.2026\" target=\"_blank\" rel=\"noreferrer noopener\">https:\/\/doi.org\/10.22402\/j.rdcrfp.unam.8.1.2026<\/a><\/p>\n\n\n\n<p><strong>Presentaci\u00f3n del n\u00famero<\/strong><\/p>\n\n\n\n<p><a href=\"https:\/\/www.gipps.org\/revistaredes\/presentacion-numero\/transformaciones-y-vulnerabilidades-psicologia-frente-a-los-retos-del-mundo-actual\/\" target=\"_blank\" rel=\"noreferrer noopener\">TRANSFORMACIONES Y VULNERABILIDADES: PSICOLOG\u00cdA FRENTE A LOS RETOS DEL MUNDO ACTUAL<\/a><\/p>\n\n\n\n<p> Dra. Analia Veronica Losada | Miembro del comit\u00e9 editorial<\/p>\n\n\n\n<p><strong>Investigaci\u00f3n<\/strong><\/p>\n\n\n\n<p><a href=\"https:\/\/www.gipps.org\/revistaredes\/analisis\/nuevos-hogares-nuevos-desafios-es-posible-integrar-familias\/\" target=\"_blank\" rel=\"noreferrer noopener\">NUEVOS HOGARES, NUEVOS DESAF\u00cdOS: \u00bfES POSIBLE INTEGRAR FAMILIAS?<\/a><\/p>\n\n\n\n<p>Lic. Carina Mansour&nbsp;| Universidad de Flores (UFLO), Argentina<\/p>\n\n\n\n<p><a href=\"https:\/\/www.gipps.org\/revistaredes\/analisis\/han-muerto-los-monstruos-del-machismo-y-la-violencia-o-solo-han-cambiado-de-mascara\/\" target=\"_blank\" rel=\"noreferrer noopener\">\u00bfHAN MUERTO LOS MONSTRUOS DEL MACHISMO Y LA VIOLENCIA O SOLO HAN CAMBIADO DE M\u00c1SCARA?<\/a><\/p>\n\n\n\n<p>Dr. Francisco Javier Robles Ojeda&nbsp;| Facultad de Estudios Superiores Iztacala, UNAM<\/p>\n\n\n\n<p><a href=\"https:\/\/www.gipps.org\/revistaredes\/analisis\/deepfakes-cuales-son-sus-implicaciones-sociales-y-psicologicas-como-nuevas-formas-de-desinformacion\/\" target=\"_blank\" rel=\"noreferrer noopener\">DEEPFAKES: \u00bfCU\u00c1LES SON SUS IMPLICACIONES SOCIALES Y PSICOL\u00d3GICAS COMO NUEVAS FORMAS DE DESINFORMACI\u00d3N?<\/a><\/p>\n\n\n\n<p>Lic. Rodrigo Daniel Medrano Figueroa | Facultad de Estudios Superiores Iztacala, UNAM<\/p>\n\n\n\n<p><strong>Entrevista<\/strong><\/p>\n\n\n\n<p><a href=\"https:\/\/www.gipps.org\/revistaredes\/entrevista\/el-dolor-como-logro-colectivo\/\" target=\"_blank\" rel=\"noreferrer noopener\">EL DOLOR COMO LOGRO COLECTIVO<\/a><\/p>\n\n\n\n<p>Carolina Letelier Astorga e \u00cdtalo Latorre Gentoso | Pranas Chile<\/p>\n\n\n\n<p>Realizada por: Lic. Dulce Estrella Ram\u00edrez Garc\u00eda| Facultad de Estudios Superiores Iztacala, UNAM<\/p>\n\n\n\n<p><strong>Estudio de caso<\/strong><\/p>\n\n\n\n<p><a href=\"https:\/\/www.gipps.org\/revistaredes\/estudio-de-caso\/como-vive-una-adolescente-las-respuestas-de-su-familia-al-relatar-un-abuso-sexual\/\" target=\"_blank\" rel=\"noreferrer noopener\">\u00bfC\u00d3MO VIVE UNA ADOLESCENTE LAS RESPUESTAS DE SU FAMILIA AL RELATAR UN ABUSO SEXUAL?<\/a><\/p>\n\n\n\n<p>Mtra. Araceli Castellanos Aceves | Instituto de Innovaci\u00f3n en Psicoterapia Sist\u00e9mica<\/p>\n\n\n\n<p><strong>Recomendaciones<\/strong><\/p>\n\n\n\n<p><a href=\"https:\/\/www.gipps.org\/revistaredes\/recomendaciones\/el-psicologo-puede-ser-un-superheroe-de-la-salud-mental\/\" target=\"_blank\" rel=\"noreferrer noopener\">\u00bfEL PSIC\u00d3LOGO PUEDE SER UN SUPERH\u00c9ROE DE LA SALUD MENTAL?<\/a><\/p>\n\n\n\n<p>Dra. Oralia Espinoza Montiel | Facultad de Estudios Superiores Iztacala, UNAM<\/p>\n\n\n\n<p><a href=\"https:\/\/www.gipps.org\/revistaredes\/recomendaciones\/seis-consejos-para-familias-con-hijos-con-discapacidad-intelectual-como-fortalecer-el-bienestar-familiar\/\" target=\"_blank\" rel=\"noreferrer noopener\">SEIS CONSEJOS PARA FAMILIAS CON HIJOS CON DISCAPACIDAD INTELECTUAL: \u00bfC\u00d3MO FORTALECER EL BIENESTAR FAMILIAR?<\/a><\/p>\n\n\n\n<p>Dra. Gandhi Isabel Peralta Corona y Lic. Paola Judith Valenzuela Mart\u00ednez | Universidad Aut\u00f3noma de Sinaloa<\/p>\n","protected":false},"excerpt":{"rendered":"<div class=\"mh-excerpt\"><p>DOI: https:\/\/doi.org\/10.22402\/j.rdcrfp.unam.8.1.2026 Presentaci\u00f3n del n\u00famero TRANSFORMACIONES Y VULNERABILIDADES: PSICOLOG\u00cdA FRENTE A LOS RETOS DEL MUNDO ACTUAL Dra. Analia Veronica Losada | Miembro del comit\u00e9 editorial <a class=\"mh-excerpt-more\" href=\"https:\/\/www.gipps.org\/revistaredes\/volumen-8-numero-1-2026\/\" title=\"Volumen 8 | N\u00famero 1 | 2026\">[&#8230;]<\/a><\/p>\n<\/div>","protected":false},"author":1,"featured_media":0,"parent":0,"menu_order":0,"comment_status":"closed","ping_status":"closed","template":"","meta":[],"_links":{"self":[{"href":"https:\/\/www.gipps.org\/revistaredes\/wp-json\/wp\/v2\/pages\/1923"}],"collection":[{"href":"https:\/\/www.gipps.org\/revistaredes\/wp-json\/wp\/v2\/pages"}],"about":[{"href":"https:\/\/www.gipps.org\/revistaredes\/wp-json\/wp\/v2\/types\/page"}],"author":[{"embeddable":true,"href":"https:\/\/www.gipps.org\/revistaredes\/wp-json\/wp\/v2\/users\/1"}],"replies":[{"embeddable":true,"href":"https:\/\/www.gipps.org\/revistaredes\/wp-json\/wp\/v2\/comments?post=1923"}],"version-history":[{"count":8,"href":"https:\/\/www.gipps.org\/revistaredes\/wp-json\/wp\/v2\/pages\/1923\/revisions"}],"predecessor-version":[{"id":1950,"href":"https:\/\/www.gipps.org\/revistaredes\/wp-json\/wp\/v2\/pages\/1923\/revisions\/1950"}],"wp:attachment":[{"href":"https:\/\/www.gipps.org\/revistaredes\/wp-json\/wp\/v2\/media?parent=1923"}],"curies":[{"name":"wp","href":"https:\/\/api.w.org\/{rel}","templated":true}]}}