{"id":1825,"date":"2025-06-19T00:45:18","date_gmt":"2025-06-19T00:45:18","guid":{"rendered":"https:\/\/www.gipps.org\/revistaredes\/?page_id=1825"},"modified":"2026-01-07T14:33:49","modified_gmt":"2026-01-07T14:33:49","slug":"volumen-7-numero-2-2025","status":"publish","type":"page","link":"https:\/\/www.gipps.org\/revistaredes\/volumen-7-numero-2-2025\/","title":{"rendered":"Volumen 7 | N\u00famero 2 | 2025"},"content":{"rendered":"\n<p><strong>DOI<\/strong>: https:\/\/doi.org\/10.22402\/j.rdcrfp.unam.7.2.2025<\/p>\n\n\n\n<p><strong>Presentaci\u00f3n del n\u00famero<\/strong><\/p>\n\n\n\n<p><a href=\"https:\/\/www.gipps.org\/revistaredes\/presentacion-numero\/construyendo-relaciones-sanas-infancia-juventud-familia-y-pareja-presentacion-del-numero\/\">CONSTRUYENDO RELACIONES SANAS: INFANCIA, JUVENTUD, FAMILIA Y PAREJA<\/a><\/p>\n\n\n\n<p>Dr. Oscar Iv\u00e1n Negrete Rodr\u00edguez | Miembro del comit\u00e9 editorial<\/p>\n\n\n\n<p><strong>Investigaci\u00f3n<\/strong><\/p>\n\n\n\n<p><a href=\"https:\/\/www.gipps.org\/revistaredes\/investigacion\/la-brecha-en-comunicacion-y-abuso-sexual-entre-sordos-y-oyentes-que-factores-intervienen\/\">LA BRECHA EN COMUNICACI\u00d3N Y ABUSO SEXUAL ENTRE SORDOS Y OYENTES \u00bfQU\u00c9 FACTORES INTERVIENEN?<\/a><\/p>\n\n\n\n<p>Dra. Yuma Yoaly P\u00e9rez Bautista y Dra. Silvia Susana Robles Montijo | Facultad de Estudios Superiores Iztacala, UNAM<\/p>\n\n\n\n<p><a href=\"https:\/\/www.gipps.org\/revistaredes\/investigacion\/inteligencia-emocional-y-felicidad-en-estudiantes-universitarios\/\">INTELIGENCIA EMOCIONAL Y FELICIDAD EN ESTUDIANTES UNIVERSITARIOS<\/a><\/p>\n\n\n\n<p>Dra. Soraya Irinea Ramirez-Chelala Hernandez&nbsp;| Facultad de Estudios Superiores Iztacala, UNAM<\/p>\n\n\n\n<p>Dra. Blanca Ver\u00f3nica Moreno Garc\u00eda&nbsp;| Tecnol\u00f3gico Nacional de M\u00e9xico. Instituto Tecnol\u00f3gico de Chetumal<\/p>\n\n\n\n<p><strong>An\u00e1lisis<\/strong><\/p>\n\n\n\n<p><a href=\"https:\/\/www.gipps.org\/revistaredes\/analisis\/como-reconstruir-los-vinculos-familiares-tras-la-manipulacion-parental\/\">\u00bfC\u00d3MO RECONSTRUIR LOS V\u00cdNCULOS FAMILIARES TRAS LA MANIPULACI\u00d3N PARENTAL?<\/a><\/p>\n\n\n\n<p>Lic. Miriam Alejandra Ochoa Vald\u00edvia&nbsp;| Unidad de Justicia Restaurativa del Tribunal Superior de Justicia del Estado de Nayarit<\/p>\n\n\n\n<p>Dra. Luc\u00eda P\u00e9rez S\u00e1nchez&nbsp;| Universidad Aut\u00f3noma de Nayarit<\/p>\n\n\n\n<p><a href=\"https:\/\/www.gipps.org\/revistaredes\/analisis\/quien-educa-a-los-ninos-cuando-los-padres-no-estan\/\">\u00bfQUI\u00c9N EDUCA A LOS NI\u00d1OS CUANDO LOS PADRES NO EST\u00c1N?<\/a><\/p>\n\n\n\n<p>Dra. Martha Yamel G\u00e1lvez Gay\u00f3n | Universidad An\u00e1huac M\u00e9xico<\/p>\n\n\n\n<p><a href=\"https:\/\/www.gipps.org\/revistaredes\/analisis\/los-dink-modelo-familiar-emergente\/\">LOS DINK: \u00bfMODELO FAMILIAR EMERGENTE?<\/a><\/p>\n\n\n\n<p>Esp. Micaela Victoria Potes | Universidad de Flores (UFLO), Argentina<\/p>\n\n\n\n<p><strong>Entrevista<\/strong><\/p>\n\n\n\n<p><a href=\"https:\/\/www.gipps.org\/revistaredes\/entrevista\/las-parejas-de-hoy-nuevas-dinamicas-retos-y-transiciones\/\">LAS PAREJAS DE HOY: NUEVAS DIN\u00c1MICAS, RETOS Y TRANSICIONES<\/a><\/p>\n\n\n\n<p>Dr. Marcelo R. Ceberio | Universidad de Flores, Escuela Sist\u00e9mica Argentina<\/p>\n\n\n\n<p>Por: Lic.Miriam Paola Semham G\u00fczman<\/p>\n\n\n\n<p><strong>Estudio de caso<\/strong><\/p>\n\n\n\n<p><a href=\"https:\/\/www.gipps.org\/revistaredes\/estudio-de-caso\/constitucion-del-cuerpo-y-dimension-singular-en-la-paralisis-cerebral-infantil-inclusion-y-desarrollo-humano\/\">CONSTITUCI\u00d3N DEL CUERPO Y DIMENSI\u00d3N SINGULAR EN LA PAR\u00c1LISIS CEREBRAL INFANTIL. INCLUSI\u00d3N Y DESARROLLO HUMANO<\/a><\/p>\n\n\n\n<p>Dra. Silvia Comastri | Universidad del Salvador y Centro Uleem<\/p>\n\n\n\n<p>Dra. Carolina Reznik | Universidad Nacional de la Patagonia San Juan Bosco, Instituto Patag\u00f3nico de Ciencias Sociales y Humanas y Centro Uleem<\/p>\n\n\n\n<p><strong>Recomendaciones<\/strong><\/p>\n\n\n\n<p><a href=\"https:\/\/www.gipps.org\/revistaredes\/recomendaciones\/que-podemos-hacer-ante-el-maltrato-infantil\/\">\u00bfQU\u00c9 PODEMOS HACER ANTE EL MALTRATO INFANTIL?<\/a><\/p>\n\n\n\n<p>Lic. Mar\u00eda Arantxa Elizarrar\u00e1s Rios | Facultad de Estudios Superiores Iztacala, UNAM<\/p>\n\n\n\n<p><a href=\"https:\/\/www.gipps.org\/revistaredes\/recomendaciones\/como-favorecer-la-felicidad-del-docente-y-la-construccion-de-aulas-felices\/\">\u00bfC\u00d3MO FAVORECER LA FELICIDAD DEL DOCENTE Y LA CONSTRUCCI\u00d3N DE AULAS FELICES?<\/a><\/p>\n\n\n\n<p>Dra. Oralia Espinoza Montiel | Facultad de Estudios Superiores Iztacala, UNAM<\/p>\n","protected":false},"excerpt":{"rendered":"<div class=\"mh-excerpt\"><p>DOI: https:\/\/doi.org\/10.22402\/j.rdcrfp.unam.7.2.2025 Presentaci\u00f3n del n\u00famero CONSTRUYENDO RELACIONES SANAS: INFANCIA, JUVENTUD, FAMILIA Y PAREJA Dr. Oscar Iv\u00e1n Negrete Rodr\u00edguez | Miembro del comit\u00e9 editorial Investigaci\u00f3n LA <a class=\"mh-excerpt-more\" href=\"https:\/\/www.gipps.org\/revistaredes\/volumen-7-numero-2-2025\/\" title=\"Volumen 7 | N\u00famero 2 | 2025\">[&#8230;]<\/a><\/p>\n<\/div>","protected":false},"author":1,"featured_media":0,"parent":0,"menu_order":0,"comment_status":"closed","ping_status":"closed","template":"","meta":[],"_links":{"self":[{"href":"https:\/\/www.gipps.org\/revistaredes\/wp-json\/wp\/v2\/pages\/1825"}],"collection":[{"href":"https:\/\/www.gipps.org\/revistaredes\/wp-json\/wp\/v2\/pages"}],"about":[{"href":"https:\/\/www.gipps.org\/revistaredes\/wp-json\/wp\/v2\/types\/page"}],"author":[{"embeddable":true,"href":"https:\/\/www.gipps.org\/revistaredes\/wp-json\/wp\/v2\/users\/1"}],"replies":[{"embeddable":true,"href":"https:\/\/www.gipps.org\/revistaredes\/wp-json\/wp\/v2\/comments?post=1825"}],"version-history":[{"count":2,"href":"https:\/\/www.gipps.org\/revistaredes\/wp-json\/wp\/v2\/pages\/1825\/revisions"}],"predecessor-version":[{"id":1925,"href":"https:\/\/www.gipps.org\/revistaredes\/wp-json\/wp\/v2\/pages\/1825\/revisions\/1925"}],"wp:attachment":[{"href":"https:\/\/www.gipps.org\/revistaredes\/wp-json\/wp\/v2\/media?parent=1825"}],"curies":[{"name":"wp","href":"https:\/\/api.w.org\/{rel}","templated":true}]}}