{"id":17,"date":"2019-08-07T19:02:12","date_gmt":"2019-08-07T19:02:12","guid":{"rendered":"http:\/\/www.gipps.org\/revistaredes\/?page_id=17"},"modified":"2024-01-12T19:16:21","modified_gmt":"2024-01-12T19:16:21","slug":"politicas","status":"publish","type":"page","link":"https:\/\/www.gipps.org\/revistaredes\/politicas\/","title":{"rendered":"Enfoque y alcance"},"content":{"rendered":"\n<p>La Revista de Divulgaci\u00f3n Crisis y Retos en la Familia y Pareja es una revista semestral revisada por pares sobre temas relevantes de inter\u00e9s centrados en la resoluci\u00f3n de problemas sociales, psicol\u00f3gicos y de la salud.<\/p>\n\n\n\n<p><strong>MISI\u00d3N<\/strong><\/p>\n\n\n\n<p>La Revista de Divulgaci\u00f3n Crisis y Retos en la Familia y Pareja pretende: (1)\u00a0 fomentar, generar y desarrollar el conocimiento transdiciplinario entre las distintas \u00e1reas de conocimiento y trabajo profesional, que comprenden al campo de estudio de las ciencias sociales, psicol\u00f3gicas y de la salud; y , al mismo tiempo, (2) ser un punto de referencia para el \u00a0p\u00fablico en general para la b\u00fasqueda de soluciones a los problemas sociales, psicol\u00f3gicos y\/o de la salud, en un lenguaje comprensible derivado de la experiencia de profesionales en la pr\u00e1ctica e investigaci\u00f3n.\u00a0 <\/p>\n\n\n\n<p><strong>VISI\u00d3N<\/strong><\/p>\n\n\n\n<p>La\nRevista ser\u00e1 un medio de difusi\u00f3n de informaci\u00f3n que permita a los usuarios:\n(1) conocer los avances actuales de la producci\u00f3n cient\u00edfica y tecnol\u00f3gica, y\n(2) tener un punto de referencia sobre qu\u00e9\nhacer y hacia d\u00f3nde dirigirse, mediante el uso de informaci\u00f3n v\u00e1lida y\nconfiable de profesionistas expertos sobre diversas problem\u00e1ticas. <\/p>\n\n\n\n<p>Los textos postulados para su posible publicaci\u00f3n estar\u00e1n sujetos a la programaci\u00f3n de la revista, a sus criterios editoriales &nbsp;y a la evaluaci\u00f3n que realicen los editores.<\/p>\n\n\n\n<p><\/p>\n","protected":false},"excerpt":{"rendered":"<div class=\"mh-excerpt\"><p>La Revista de Divulgaci\u00f3n Crisis y Retos en la Familia y Pareja es una revista semestral revisada por pares sobre temas relevantes de inter\u00e9s centrados <a class=\"mh-excerpt-more\" href=\"https:\/\/www.gipps.org\/revistaredes\/politicas\/\" title=\"Enfoque y alcance\">[&#8230;]<\/a><\/p>\n<\/div>","protected":false},"author":1,"featured_media":0,"parent":0,"menu_order":0,"comment_status":"closed","ping_status":"closed","template":"","meta":[],"_links":{"self":[{"href":"https:\/\/www.gipps.org\/revistaredes\/wp-json\/wp\/v2\/pages\/17"}],"collection":[{"href":"https:\/\/www.gipps.org\/revistaredes\/wp-json\/wp\/v2\/pages"}],"about":[{"href":"https:\/\/www.gipps.org\/revistaredes\/wp-json\/wp\/v2\/types\/page"}],"author":[{"embeddable":true,"href":"https:\/\/www.gipps.org\/revistaredes\/wp-json\/wp\/v2\/users\/1"}],"replies":[{"embeddable":true,"href":"https:\/\/www.gipps.org\/revistaredes\/wp-json\/wp\/v2\/comments?post=17"}],"version-history":[{"count":3,"href":"https:\/\/www.gipps.org\/revistaredes\/wp-json\/wp\/v2\/pages\/17\/revisions"}],"predecessor-version":[{"id":1308,"href":"https:\/\/www.gipps.org\/revistaredes\/wp-json\/wp\/v2\/pages\/17\/revisions\/1308"}],"wp:attachment":[{"href":"https:\/\/www.gipps.org\/revistaredes\/wp-json\/wp\/v2\/media?parent=17"}],"curies":[{"name":"wp","href":"https:\/\/api.w.org\/{rel}","templated":true}]}}