{"id":148,"date":"2019-08-14T15:59:25","date_gmt":"2019-08-14T15:59:25","guid":{"rendered":"http:\/\/www.gipps.org\/revistaredes\/?page_id=148"},"modified":"2024-01-12T19:16:50","modified_gmt":"2024-01-12T19:16:50","slug":"derechos-de-autor","status":"publish","type":"page","link":"https:\/\/www.gipps.org\/revistaredes\/derechos-de-autor\/","title":{"rendered":"Derechos de autor"},"content":{"rendered":"\n<p>Al publicar en esta revista, el autor acepta conscientemente\nlos siguientes t\u00e9rminos:<\/p>\n\n\n\n<ul><li>Los autores\/as conservan los derechos de autor y ceden a la Revista de Divulgaci\u00f3n Crisis y Retos en la Familia y Pareja el derecho de la primera publicaci\u00f3n, con el trabajo registrado con la\u00a0<a rel=\"noreferrer noopener\" href=\"https:\/\/creativecommons.org\/licenses\/by-nc-sa\/4.0\/\" target=\"_blank\"><em>licencia de atribuci\u00f3n de Creative Commons<\/em><\/a>, que permite a terceros utilizar lo publicado siempre que mencionen la autor\u00eda del trabajo y a la primera publicaci\u00f3n en esta revista.<\/li><li>Los comentarios o ideas expuestas en cada trabajo son responsabilidad del autor. Las opiniones expresadas por los autores no necesariamente reflejan la postura del editor de la publicaci\u00f3n.<\/li><li>Los autores\/as pueden realizar otros acuerdos contractuales independientes y adicionales para la distribuci\u00f3n no exclusiva de la versi\u00f3n del art\u00edculo publicado en esta revista (por ejemplo, incluirlo en un repositorio institucional o publicarlo en un libro) siempre que indiquen claramente que el trabajo se public\u00f3 por primera vez en esta revista.<\/li><li>Los autores cuentan con la posibilidad de difundir su trabajo por sus propios medios, posterior a su publicaci\u00f3n oficial, siempre y cuando haya referencia de la primera publicaci\u00f3n en la revista.<\/li><li>Los autores\/as del manuscrito publicado en la Revista de Divulgaci\u00f3n Crisis y Retos en la Familia y Pareja en cualquiera de sus tipos o modalidades ceden sus derechos sobre el manuscrito publicado y renuncian expresamente, a cualquier acci\u00f3n civil, penal o administrativa en contra de la Revista y su equipo editorial, respecto de dichos derechos.<\/li><li>Los autores\/as est\u00e1n de acuerdo con que su manuscrito publicado por la Revista de Divulgaci\u00f3n Crisis y Retos en la Familia y Pareja sea registrado con la licencia de atribuciones <em>Creative Commons<\/em>, que permite a terceros utilizar lo publicado siempre que se mencione la autor\u00eda del trabajo.<\/li><li>Los autores\/as del manuscrito publicado podr\u00e1n utilizarlo para fines educativos o de investigaci\u00f3n, reproducci\u00f3n y difusi\u00f3n en todas las formas posibles.<\/li><li>Al ser de car\u00e1cter gratuito, la revista se reserva la posibilidad de otorgar remuneraci\u00f3n econ\u00f3mica a los autores.<\/li><\/ul>\n","protected":false},"excerpt":{"rendered":"<div class=\"mh-excerpt\"><p>Al publicar en esta revista, el autor acepta conscientemente los siguientes t\u00e9rminos: Los autores\/as conservan los derechos de autor y ceden a la Revista de <a class=\"mh-excerpt-more\" href=\"https:\/\/www.gipps.org\/revistaredes\/derechos-de-autor\/\" title=\"Derechos de autor\">[&#8230;]<\/a><\/p>\n<\/div>","protected":false},"author":1,"featured_media":0,"parent":0,"menu_order":0,"comment_status":"closed","ping_status":"closed","template":"","meta":[],"_links":{"self":[{"href":"https:\/\/www.gipps.org\/revistaredes\/wp-json\/wp\/v2\/pages\/148"}],"collection":[{"href":"https:\/\/www.gipps.org\/revistaredes\/wp-json\/wp\/v2\/pages"}],"about":[{"href":"https:\/\/www.gipps.org\/revistaredes\/wp-json\/wp\/v2\/types\/page"}],"author":[{"embeddable":true,"href":"https:\/\/www.gipps.org\/revistaredes\/wp-json\/wp\/v2\/users\/1"}],"replies":[{"embeddable":true,"href":"https:\/\/www.gipps.org\/revistaredes\/wp-json\/wp\/v2\/comments?post=148"}],"version-history":[{"count":2,"href":"https:\/\/www.gipps.org\/revistaredes\/wp-json\/wp\/v2\/pages\/148\/revisions"}],"predecessor-version":[{"id":1309,"href":"https:\/\/www.gipps.org\/revistaredes\/wp-json\/wp\/v2\/pages\/148\/revisions\/1309"}],"wp:attachment":[{"href":"https:\/\/www.gipps.org\/revistaredes\/wp-json\/wp\/v2\/media?parent=148"}],"curies":[{"name":"wp","href":"https:\/\/api.w.org\/{rel}","templated":true}]}}