{"id":137,"date":"2019-08-13T18:27:50","date_gmt":"2019-08-13T18:27:50","guid":{"rendered":"http:\/\/www.gipps.org\/revistaredes\/?page_id=137"},"modified":"2024-02-21T22:41:41","modified_gmt":"2024-02-21T22:41:41","slug":"informacion-legal","status":"publish","type":"page","link":"https:\/\/www.gipps.org\/revistaredes\/informacion-legal\/","title":{"rendered":"Informaci\u00f3n Legal"},"content":{"rendered":"\n<p>REVISTA DE DIVULGACI\u00d3N CRISIS Y RETOS EN LA FAMILIA Y PAREJA, A\u00f1o 4, No. 2, julio-diciembre 2022, es una publicaci\u00f3n semestral editada por la Universidad Nacional Aut\u00f3noma de M\u00e9xico, Ciudad Universitaria, Alcald\u00eda Coyoac\u00e1n, C.P. 04510, Ciudad de M\u00e9xico, a trav\u00e9s de la Facultad de Estudios Superiores Iztacala, Grupo de Investigaci\u00f3n en Procesos Psicol\u00f3gicos y Sociales (GIPPS) y Residencia en Terapia Familiar, Avenida de los Barrios No 1, Los Reyes Iztacala, Tlalnepantla, C.P. 54090, Estado de M\u00e9xico, M\u00e9xico, Tel. 56231333 ext. 39855, https:\/\/cuved.unam.mx\/revistas\/index.php\/RRDCR\/index, revistaredes.unam@gmail.com. Editor responsable: Dr. Ricardo S\u00e1nchez-Medina. Certificado de Reserva de Derechos de Autor n\u00famero: 04-2022-071315295100-102, ISSN: 2992-8214, ambos otorgados por el Instituto Nacional del Derecho de Autor. Responsable de la \u00faltima actualizaci\u00f3n de este n\u00famero, Dr. Ricardo S\u00e1nchez-Medina, Avenida de los Barrios No 1, Los Reyes Iztacala, Tlalnepantla, C.P. 54090, Estado de M\u00e9xico, M\u00e9xico fecha de la \u00faltima modificaci\u00f3n, 21 de febrero de 2024.<\/p>\n\n\n\n<p>El contenido de los art\u00edculos es responsabilidad de los autores y no refleja el punto de vista de los \u00e1rbitros, del Editor o de la UNAM. <\/p>\n\n\n\n<p>Se autoriza la reproducci\u00f3n total o parcial de los textos aqu\u00ed publicados siempre y cuando se cite la fuente completa y la direcci\u00f3n electr\u00f3nica de la publicaci\u00f3n. <\/p>\n","protected":false},"excerpt":{"rendered":"<div class=\"mh-excerpt\"><p>REVISTA DE DIVULGACI\u00d3N CRISIS Y RETOS EN LA FAMILIA Y PAREJA, A\u00f1o 4, No. 2, julio-diciembre 2022, es una publicaci\u00f3n semestral editada por la Universidad <a class=\"mh-excerpt-more\" href=\"https:\/\/www.gipps.org\/revistaredes\/informacion-legal\/\" title=\"Informaci\u00f3n Legal\">[&#8230;]<\/a><\/p>\n<\/div>","protected":false},"author":1,"featured_media":0,"parent":0,"menu_order":0,"comment_status":"closed","ping_status":"closed","template":"","meta":[],"_links":{"self":[{"href":"https:\/\/www.gipps.org\/revistaredes\/wp-json\/wp\/v2\/pages\/137"}],"collection":[{"href":"https:\/\/www.gipps.org\/revistaredes\/wp-json\/wp\/v2\/pages"}],"about":[{"href":"https:\/\/www.gipps.org\/revistaredes\/wp-json\/wp\/v2\/types\/page"}],"author":[{"embeddable":true,"href":"https:\/\/www.gipps.org\/revistaredes\/wp-json\/wp\/v2\/users\/1"}],"replies":[{"embeddable":true,"href":"https:\/\/www.gipps.org\/revistaredes\/wp-json\/wp\/v2\/comments?post=137"}],"version-history":[{"count":5,"href":"https:\/\/www.gipps.org\/revistaredes\/wp-json\/wp\/v2\/pages\/137\/revisions"}],"predecessor-version":[{"id":1315,"href":"https:\/\/www.gipps.org\/revistaredes\/wp-json\/wp\/v2\/pages\/137\/revisions\/1315"}],"wp:attachment":[{"href":"https:\/\/www.gipps.org\/revistaredes\/wp-json\/wp\/v2\/media?parent=137"}],"curies":[{"name":"wp","href":"https:\/\/api.w.org\/{rel}","templated":true}]}}