{"id":131,"date":"2019-08-13T18:20:03","date_gmt":"2019-08-13T18:20:03","guid":{"rendered":"http:\/\/www.gipps.org\/revistaredes\/?page_id=131"},"modified":"2026-03-02T20:34:39","modified_gmt":"2026-03-02T20:34:39","slug":"para-autores","status":"publish","type":"page","link":"https:\/\/www.gipps.org\/revistaredes\/para-autores\/","title":{"rendered":"Para autores"},"content":{"rendered":"\n<p>La Revista de Divulgaci\u00f3n Crisis y Retos en la Familia y Pareja publica art\u00edculos de divulgaci\u00f3n dirigidos a un p\u00fablico heterog\u00e9neo y no necesariamente especializado, de tal forma, que se debe evitar el uso de tecnicismos y de un lenguaje comprensible s\u00f3lo para una segmento de personas inmersas en un solo campo disciplinar. Cualquier profesional que desee difundir informaci\u00f3n relativa a cualquier problem\u00e1tica social, psicol\u00f3gica o de la salud puede colaborar con sus aportaciones siempre y cuando: a) sea acad\u00e9mico o investigador que labore en alguna instituci\u00f3n que respalde su trabajo; y\/o b) sea un profesional que cuente con alg\u00fan posgrado que avale su trabajo en la pr\u00e1ctica privada.<\/p>\n\n\n\n<p>Para someter un art\u00edculo a revisi\u00f3n\neditorial, es obligatorio el registro en la plataforma de gesti\u00f3n de la revista\n(<a href=\"http:\/\/cuved.unam.mx\/revistas\/index.php\/RRDCR\">http:\/\/cuved.unam.mx\/revistas\/index.php\/RRDCR<\/a>) del autor.\nSer\u00e1 a trav\u00e9s de este medio, donde se lleve a cabo el proceso editorial, por lo\nque no se atender\u00e1n env\u00edos realizados por otras v\u00edas.<\/p>\n\n\n\n<p>Todo autor deber\u00e1 apegarse a los siguientes lineamientos:<\/p>\n\n\n\n<p>El autor principal o de correspondencia deber\u00e1 enviar dos documentos en Word (.docx):<\/p>\n\n\n\n<p><strong>Archivo 1<\/strong><\/p>\n\n\n\n<figure class=\"wp-block-image size-full\"><img decoding=\"async\" loading=\"lazy\" width=\"685\" height=\"815\" src=\"https:\/\/www.gipps.org\/revistaredes\/wp-content\/uploads\/2025\/07\/Captura-de-pantalla-2025-07-03-a-las-14.08.36.png\" alt=\"\" class=\"wp-image-1849\" srcset=\"https:\/\/www.gipps.org\/revistaredes\/wp-content\/uploads\/2025\/07\/Captura-de-pantalla-2025-07-03-a-las-14.08.36.png 685w, https:\/\/www.gipps.org\/revistaredes\/wp-content\/uploads\/2025\/07\/Captura-de-pantalla-2025-07-03-a-las-14.08.36-252x300.png 252w\" sizes=\"(max-width: 685px) 100vw, 685px\" \/><\/figure>\n\n\n\n<p><strong>Archivo 2<\/strong><\/p>\n\n\n\n<p>Adjuntar un archivo en Word (.doc), los datos de cada autor:<\/p>\n\n\n\n<figure class=\"wp-block-image size-full\"><img decoding=\"async\" loading=\"lazy\" width=\"706\" height=\"231\" src=\"https:\/\/www.gipps.org\/revistaredes\/wp-content\/uploads\/2025\/07\/Captura-de-pantalla-2025-07-03-a-las-13.45.18.png\" alt=\"\" class=\"wp-image-1846\" srcset=\"https:\/\/www.gipps.org\/revistaredes\/wp-content\/uploads\/2025\/07\/Captura-de-pantalla-2025-07-03-a-las-13.45.18.png 706w, https:\/\/www.gipps.org\/revistaredes\/wp-content\/uploads\/2025\/07\/Captura-de-pantalla-2025-07-03-a-las-13.45.18-300x98.png 300w\" sizes=\"(max-width: 706px) 100vw, 706px\" \/><\/figure>\n\n\n\n<p><strong>Proceso de evaluaci\u00f3n por pares<\/strong><\/p>\n\n\n\n<p>Se llevar\u00e1 a cabo un proceso de revisi\u00f3n por pares (doble-ciego), con la\nparticipaci\u00f3n de investigadores y profesionales de alto nivel para la cr\u00edtica\neditorial de los manuscritos postulados para su publicaci\u00f3n. Los autores\nevitar\u00e1n que el texto contenga claves o sugerencias que los identifiquen. El\ntiempo estimado para la revisi\u00f3n de los manuscritos ser\u00e1 de 3 semanas.<\/p>\n","protected":false},"excerpt":{"rendered":"<div class=\"mh-excerpt\"><p>La Revista de Divulgaci\u00f3n Crisis y Retos en la Familia y Pareja publica art\u00edculos de divulgaci\u00f3n dirigidos a un p\u00fablico heterog\u00e9neo y no necesariamente especializado, <a class=\"mh-excerpt-more\" href=\"https:\/\/www.gipps.org\/revistaredes\/para-autores\/\" title=\"Para autores\">[&#8230;]<\/a><\/p>\n<\/div>","protected":false},"author":1,"featured_media":0,"parent":0,"menu_order":0,"comment_status":"closed","ping_status":"closed","template":"","meta":[],"_links":{"self":[{"href":"https:\/\/www.gipps.org\/revistaredes\/wp-json\/wp\/v2\/pages\/131"}],"collection":[{"href":"https:\/\/www.gipps.org\/revistaredes\/wp-json\/wp\/v2\/pages"}],"about":[{"href":"https:\/\/www.gipps.org\/revistaredes\/wp-json\/wp\/v2\/types\/page"}],"author":[{"embeddable":true,"href":"https:\/\/www.gipps.org\/revistaredes\/wp-json\/wp\/v2\/users\/1"}],"replies":[{"embeddable":true,"href":"https:\/\/www.gipps.org\/revistaredes\/wp-json\/wp\/v2\/comments?post=131"}],"version-history":[{"count":7,"href":"https:\/\/www.gipps.org\/revistaredes\/wp-json\/wp\/v2\/pages\/131\/revisions"}],"predecessor-version":[{"id":1965,"href":"https:\/\/www.gipps.org\/revistaredes\/wp-json\/wp\/v2\/pages\/131\/revisions\/1965"}],"wp:attachment":[{"href":"https:\/\/www.gipps.org\/revistaredes\/wp-json\/wp\/v2\/media?parent=131"}],"curies":[{"name":"wp","href":"https:\/\/api.w.org\/{rel}","templated":true}]}}