{"id":1287,"date":"2023-12-07T21:27:08","date_gmt":"2023-12-07T21:27:08","guid":{"rendered":"https:\/\/www.gipps.org\/revistaredes\/?page_id=1287"},"modified":"2023-12-07T21:27:08","modified_gmt":"2023-12-07T21:27:08","slug":"volumen-5-numero-2-2023","status":"publish","type":"page","link":"https:\/\/www.gipps.org\/revistaredes\/volumen-5-numero-2-2023\/","title":{"rendered":"Volumen 5 | N\u00famero 2 | 2023"},"content":{"rendered":"\n<p><strong>DOI<\/strong>:  https:\/\/doi.org\/10.22402\/j.rdcrfp.unam.5.2.2023<\/p>\n\n\n\n<p><strong>Presentaci\u00f3n del n\u00famero<\/strong><\/p>\n\n\n\n<p><a href=\"https:\/\/www.gipps.org\/revistaredes\/presentacion-numero\/el-papel-de-la-familia-ante-diversas-situaciones-presentacion-del-numero\/\">EL PAPEL DE LA FAMILIA ANTE DIVERSAS SITUACIONES<\/a><\/p>\n\n\n\n<p>Lic. Maria de los Angeles Estrada Martinez, Editora T\u00e9cnica<\/p>\n\n\n\n<p><strong>An\u00e1lisis<\/strong><\/p>\n\n\n\n<p><a href=\"https:\/\/www.gipps.org\/revistaredes\/analisis\/trastorno-obsesivo-compulsivo-como-tratarlo-con-terapia-breve-centrada-en-soluciones\/\">TRASTORNO OBSESIVO COMPULSIVO \u00bfC\u00d3MO TRATARLO CON TERAPIA BREVE CENTRADA EN SOLUCIONES?<\/a><\/p>\n\n\n\n<p>Lic. Iris Bernal Francisco | Universidad del Valle de M\u00e9xico<\/p>\n\n\n\n<p><a href=\"https:\/\/www.gipps.org\/revistaredes\/analisis\/influyen-los-estilos-parentales-en-el-desarrollo-de-la-inteligencia-emocional-de-los-ninos\/\">\u00bfINFLUYEN LOS ESTILOS PARENTALES EN EL DESARROLLO DE LA INTELIGENCIA EMOCIONAL DE LOS NI\u00d1OS?<\/a><\/p>\n\n\n\n<p>Lic. Daniela Evangelina Corso | Universidad de Flores, UFLO<\/p>\n\n\n\n<p><a href=\"https:\/\/www.gipps.org\/revistaredes\/analisis\/sujetos-de-derecho-u-objetos-de-prueba-respuestas-judiciales-frente-al-silencio-del-nino-victima-de-abuso-sexual\/\">\u00bfSUJETOS DE DERECHO U OBJETOS DE PRUEBA? RESPUESTAS JUDICIALES FRENTE AL SILENCIO DEL NI\u00d1O V\u00cdCTIMA DE ABUSO SEXUAL<\/a><\/p>\n\n\n\n<p>Lic. Carmen Sofia Coralle | Universidad de Flores, UFLO<\/p>\n\n\n\n<p><strong>Entrevista<\/strong><\/p>\n\n\n\n<p><a href=\"https:\/\/www.gipps.org\/revistaredes\/entrevista\/hablando-de-las-crisis-familiares-que-hacemos-ante-estas\/\">HABLANDO DE LAS CRISIS FAMILIARES \u00bfQU\u00c9 HACEMOS ANTE ESTAS?<\/a><\/p>\n\n\n\n<p>Entrevista a la Dra. Mar\u00eda Rosario Espinosa Salcido<\/p>\n\n\n\n<p>Realizada por la Mtra. Maria Fernanda Lozano Quiroz | Universidad Nacional Aut\u00f3noma de M\u00e9xico<\/p>\n\n\n\n<p><strong>Estudio de caso<\/strong><\/p>\n\n\n\n<p><a href=\"https:\/\/www.gipps.org\/revistaredes\/estudio-de-caso\/como-abordar-el-descreimiento-abandono-en-casos-de-abuso-sexual-infantil\/\">\u00bfCOMO ABORDAR EL DESCREIMIENTO (ABANDONO) EN CASOS DE ABUSO SEXUAL INFANTIL?<\/a><\/p>\n\n\n\n<p>Lic. Mariana Gonz\u00e1lez y Lic. Tamara Neer, | Universidad de Flores, UFLO<\/p>\n","protected":false},"excerpt":{"rendered":"<div class=\"mh-excerpt\"><p>DOI: https:\/\/doi.org\/10.22402\/j.rdcrfp.unam.5.2.2023 Presentaci\u00f3n del n\u00famero EL PAPEL DE LA FAMILIA ANTE DIVERSAS SITUACIONES Lic. Maria de los Angeles Estrada Martinez, Editora T\u00e9cnica An\u00e1lisis TRASTORNO OBSESIVO <a class=\"mh-excerpt-more\" href=\"https:\/\/www.gipps.org\/revistaredes\/volumen-5-numero-2-2023\/\" title=\"Volumen 5 | N\u00famero 2 | 2023\">[&#8230;]<\/a><\/p>\n<\/div>","protected":false},"author":1,"featured_media":0,"parent":0,"menu_order":0,"comment_status":"closed","ping_status":"closed","template":"","meta":[],"_links":{"self":[{"href":"https:\/\/www.gipps.org\/revistaredes\/wp-json\/wp\/v2\/pages\/1287"}],"collection":[{"href":"https:\/\/www.gipps.org\/revistaredes\/wp-json\/wp\/v2\/pages"}],"about":[{"href":"https:\/\/www.gipps.org\/revistaredes\/wp-json\/wp\/v2\/types\/page"}],"author":[{"embeddable":true,"href":"https:\/\/www.gipps.org\/revistaredes\/wp-json\/wp\/v2\/users\/1"}],"replies":[{"embeddable":true,"href":"https:\/\/www.gipps.org\/revistaredes\/wp-json\/wp\/v2\/comments?post=1287"}],"version-history":[{"count":1,"href":"https:\/\/www.gipps.org\/revistaredes\/wp-json\/wp\/v2\/pages\/1287\/revisions"}],"predecessor-version":[{"id":1293,"href":"https:\/\/www.gipps.org\/revistaredes\/wp-json\/wp\/v2\/pages\/1287\/revisions\/1293"}],"wp:attachment":[{"href":"https:\/\/www.gipps.org\/revistaredes\/wp-json\/wp\/v2\/media?parent=1287"}],"curies":[{"name":"wp","href":"https:\/\/api.w.org\/{rel}","templated":true}]}}